{"id":3679,"date":"2025-12-14T22:21:10","date_gmt":"2025-12-14T15:21:10","guid":{"rendered":"https:\/\/mayxucdien2.tvg.agency\/danh-sach-san-pham\/"},"modified":"2026-01-08T16:28:17","modified_gmt":"2026-01-08T09:28:17","slug":"danh-sach-san-pham","status":"publish","type":"page","link":"https:\/\/mayxucdien2.tvg.agency\/en\/danh-sach-san-pham\/","title":{"rendered":"Danh s\u00e1ch s\u1ea3n ph\u1ea9m"},"content":{"rendered":"\t\t<div data-elementor-type=\"wp-page\" data-elementor-id=\"3679\" class=\"elementor elementor-3679 elementor-2904\" data-elementor-post-type=\"page\">\n\t\t\t\t<div class=\"elementor-element elementor-element-dac88ba e-flex e-con-boxed e-con e-parent\" data-id=\"dac88ba\" data-element_type=\"container\">\n\t\t\t\t\t<div class=\"e-con-inner\">\n\t\t\t\t<div class=\"elementor-element elementor-element-787c9f0 elementor-widget elementor-widget-spacer\" data-id=\"787c9f0\" data-element_type=\"widget\" data-widget_type=\"spacer.default\">\n\t\t\t\t\t\t\t<div class=\"elementor-spacer\">\n\t\t\t<div class=\"elementor-spacer-inner\"><\/div>\n\t\t<\/div>\n\t\t\t\t\t\t<\/div>\n\t\t\t\t\t<\/div>\n\t\t\t\t<\/div>\n\t\t<div class=\"elementor-element elementor-element-2becdd3 e-flex e-con-boxed e-con e-parent\" data-id=\"2becdd3\" data-element_type=\"container\">\n\t\t\t\t\t<div class=\"e-con-inner\">\n\t\t<div class=\"elementor-element elementor-element-5ad417f e-con-full e-flex e-con e-child\" data-id=\"5ad417f\" data-element_type=\"container\">\n\t\t\t\t<div class=\"elementor-element elementor-element-c8bf7ee jet-nav-align-flex-start elementor-widget elementor-widget-jet-nav-menu\" data-id=\"c8bf7ee\" data-element_type=\"widget\" data-widget_type=\"jet-nav-menu.default\">\n\t\t\t\t<div class=\"elementor-widget-container\">\n\t\t\t\t\t<nav class=\"jet-nav-wrap m-layout-mobile jet-mobile-menu jet-mobile-menu--default\" data-mobile-trigger-device=\"mobile\" data-mobile-layout=\"default\">\n<div class=\"jet-nav__mobile-trigger jet-nav-mobile-trigger-align-left\">\n\t<span class=\"jet-nav__mobile-trigger-open jet-blocks-icon\"><svg aria-hidden=\"true\" class=\"e-font-icon-svg e-fas-bars\" viewBox=\"0 0 448 512\" xmlns=\"http:\/\/www.w3.org\/2000\/svg\"><path d=\"M16 132h416c8.837 0 16-7.163 16-16V76c0-8.837-7.163-16-16-16H16C7.163 60 0 67.163 0 76v40c0 8.837 7.163 16 16 16zm0 160h416c8.837 0 16-7.163 16-16v-40c0-8.837-7.163-16-16-16H16c-8.837 0-16 7.163-16 16v40c0 8.837 7.163 16 16 16zm0 160h416c8.837 0 16-7.163 16-16v-40c0-8.837-7.163-16-16-16H16c-8.837 0-16 7.163-16 16v40c0 8.837 7.163 16 16 16z\"><\/path><\/svg><\/span>\t<span class=\"jet-nav__mobile-trigger-close jet-blocks-icon\"><svg aria-hidden=\"true\" class=\"e-font-icon-svg e-fas-times\" viewBox=\"0 0 352 512\" xmlns=\"http:\/\/www.w3.org\/2000\/svg\"><path d=\"M242.72 256l100.07-100.07c12.28-12.28 12.28-32.19 0-44.48l-22.24-22.24c-12.28-12.28-32.19-12.28-44.48 0L176 189.28 75.93 89.21c-12.28-12.28-32.19-12.28-44.48 0L9.21 111.45c-12.28 12.28-12.28 32.19 0 44.48L109.28 256 9.21 356.07c-12.28 12.28-12.28 32.19 0 44.48l22.24 22.24c12.28 12.28 32.2 12.28 44.48 0L176 322.72l100.07 100.07c12.28 12.28 32.2 12.28 44.48 0l22.24-22.24c12.28-12.28 12.28-32.19 0-44.48L242.72 256z\"><\/path><\/svg><\/span><\/div><div class=\"menu-menu2-container\"><div class=\"jet-nav m-layout-mobile jet-nav--vertical jet-nav--vertical-sub-right-side\"><div class=\"menu-item menu-item-type-custom menu-item-object-custom menu-item-has-children jet-nav__item-2937 jet-nav__item\"><a href=\"#\" class=\"menu-item-link menu-item-link-depth-0 menu-item-link-top\"><span class=\"jet-nav-link-text\">S\u1ea3n ph\u1ea9m m\u1edbi<\/span><div class=\"jet-nav-arrow\"><svg aria-hidden=\"true\" class=\"e-font-icon-svg e-fa-angle-down\" viewBox=\"0 0 320 512\" xmlns=\"http:\/\/www.w3.org\/2000\/svg\"><path d=\"M143 352.3L7 216.3c-9.4-9.4-9.4-24.6 0-33.9l22.6-22.6c9.4-9.4 24.6-9.4 33.9 0l96.4 96.4 96.4-96.4c9.4-9.4 24.6-9.4 33.9 0l22.6 22.6c9.4 9.4 9.4 24.6 0 33.9l-136 136c-9.2 9.4-24.4 9.4-33.8 0z\"><\/path><\/svg><\/div><\/a>\n<div  class=\"jet-nav__sub jet-nav-depth-0\">\n\t<div class=\"menu-item menu-item-type-custom menu-item-object-custom menu-item-has-children jet-nav__item-2943 jet-nav__item jet-nav-item-sub\"><a href=\"#\" class=\"menu-item-link menu-item-link-depth-1 menu-item-link-sub\"><span class=\"jet-nav-link-text\">H\u00e3ng s\u1ea3n xu\u1ea5t<\/span><div class=\"jet-nav-arrow\"><svg aria-hidden=\"true\" class=\"e-font-icon-svg e-fa-angle-right\" viewBox=\"0 0 256 512\" xmlns=\"http:\/\/www.w3.org\/2000\/svg\"><path d=\"M224.3 273l-136 136c-9.4 9.4-24.6 9.4-33.9 0l-22.6-22.6c-9.4-9.4-9.4-24.6 0-33.9l96.4-96.4-96.4-96.4c-9.4-9.4-9.4-24.6 0-33.9L54.3 103c9.4-9.4 24.6-9.4 33.9 0l136 136c9.5 9.4 9.5 24.6.1 34z\"><\/path><\/svg><\/div><\/a>\n\t<div  class=\"jet-nav__sub jet-nav-depth-1\">\n\t\t<div class=\"menu-item menu-item-type-custom menu-item-object-custom jet-nav__item-3311 jet-nav__item jet-nav-item-sub\"><a href=\"https:\/\/mayxucdien2.tvg.agency\/hang-san-xuat\/caterpillar\/\" class=\"menu-item-link menu-item-link-depth-2 menu-item-link-sub\"><span class=\"jet-nav-link-text\">caterpillar<\/span><\/a><\/div>\n\t\t<div class=\"menu-item menu-item-type-custom menu-item-object-custom jet-nav__item-3312 jet-nav__item jet-nav-item-sub\"><a href=\"https:\/\/mayxucdien2.tvg.agency\/hang-san-xuat\/doosan\/\" class=\"menu-item-link menu-item-link-depth-2 menu-item-link-sub\"><span class=\"jet-nav-link-text\">doosan<\/span><\/a><\/div>\n\t\t<div class=\"menu-item menu-item-type-custom menu-item-object-custom jet-nav__item-3037 jet-nav__item jet-nav-item-sub\"><a href=\"https:\/\/mayxucdien2.tvg.agency\/hang-san-xuat\/hitachi\/\" class=\"menu-item-link menu-item-link-depth-2 menu-item-link-sub\"><span class=\"jet-nav-link-text\">Hitachi<\/span><\/a><\/div>\n\t\t<div class=\"menu-item menu-item-type-custom menu-item-object-custom jet-nav__item-3313 jet-nav__item jet-nav-item-sub\"><a href=\"https:\/\/mayxucdien2.tvg.agency\/hang-san-xuat\/hyundai\/\" class=\"menu-item-link menu-item-link-depth-2 menu-item-link-sub\"><span class=\"jet-nav-link-text\">hyundai<\/span><\/a><\/div>\n\t\t<div class=\"menu-item menu-item-type-custom menu-item-object-custom jet-nav__item-3038 jet-nav__item jet-nav-item-sub\"><a href=\"https:\/\/mayxucdien2.tvg.agency\/hang-san-xuat\/kobelco\/\" class=\"menu-item-link menu-item-link-depth-2 menu-item-link-sub\"><span class=\"jet-nav-link-text\">Kobelco<\/span><\/a><\/div>\n\t\t<div class=\"menu-item menu-item-type-custom menu-item-object-custom jet-nav__item-3039 jet-nav__item jet-nav-item-sub\"><a href=\"https:\/\/mayxucdien2.tvg.agency\/hang-san-xuat\/komatsu\/\" class=\"menu-item-link menu-item-link-depth-2 menu-item-link-sub\"><span class=\"jet-nav-link-text\">Komatsu<\/span><\/a><\/div>\n\t\t<div class=\"menu-item menu-item-type-custom menu-item-object-custom jet-nav__item-3314 jet-nav__item jet-nav-item-sub\"><a href=\"https:\/\/mayxucdien2.tvg.agency\/hang-san-xuat\/volvo\/\" class=\"menu-item-link menu-item-link-depth-2 menu-item-link-sub\"><span class=\"jet-nav-link-text\">volvo<\/span><\/a><\/div>\n\t\t<div class=\"menu-item menu-item-type-custom menu-item-object-custom jet-nav__item-3315 jet-nav__item jet-nav-item-sub\"><a href=\"https:\/\/mayxucdien2.tvg.agency\/hang-san-xuat\/yanmar\/\" class=\"menu-item-link menu-item-link-depth-2 menu-item-link-sub\"><span class=\"jet-nav-link-text\">yanmar<\/span><\/a><\/div>\n\t<\/div>\n<\/div>\n\t<div class=\"menu-item menu-item-type-custom menu-item-object-custom menu-item-has-children jet-nav__item-2944 jet-nav__item jet-nav-item-sub\"><a href=\"#\" class=\"menu-item-link menu-item-link-depth-1 menu-item-link-sub\"><span class=\"jet-nav-link-text\">Ngu\u1ed3n n\u0103ng l\u01b0\u1ee3ng<\/span><div class=\"jet-nav-arrow\"><svg aria-hidden=\"true\" class=\"e-font-icon-svg e-fa-angle-right\" viewBox=\"0 0 256 512\" xmlns=\"http:\/\/www.w3.org\/2000\/svg\"><path d=\"M224.3 273l-136 136c-9.4 9.4-24.6 9.4-33.9 0l-22.6-22.6c-9.4-9.4-9.4-24.6 0-33.9l96.4-96.4-96.4-96.4c-9.4-9.4-9.4-24.6 0-33.9L54.3 103c9.4-9.4 24.6-9.4 33.9 0l136 136c9.5 9.4 9.5 24.6.1 34z\"><\/path><\/svg><\/div><\/a>\n\t<div  class=\"jet-nav__sub jet-nav-depth-1\">\n\t\t<div class=\"menu-item menu-item-type-custom menu-item-object-custom jet-nav__item-3040 jet-nav__item jet-nav-item-sub\"><a href=\"https:\/\/mayxucdien2.tvg.agency\/nguon-nang-luong\/dien\/\" class=\"menu-item-link menu-item-link-depth-2 menu-item-link-sub\"><span class=\"jet-nav-link-text\">\u0110i\u1ec7n<\/span><\/a><\/div>\n\t\t<div class=\"menu-item menu-item-type-custom menu-item-object-custom jet-nav__item-3041 jet-nav__item jet-nav-item-sub\"><a href=\"https:\/\/mayxucdien2.tvg.agency\/nguon-nang-luong\/dien-pin\/\" class=\"menu-item-link menu-item-link-depth-2 menu-item-link-sub\"><span class=\"jet-nav-link-text\">\u0110i\u1ec7n (pin)<\/span><\/a><\/div>\n\t<\/div>\n<\/div>\n\t<div class=\"menu-item menu-item-type-custom menu-item-object-custom menu-item-has-children jet-nav__item-3142 jet-nav__item jet-nav-item-sub\"><a href=\"#\" class=\"menu-item-link menu-item-link-depth-1 menu-item-link-sub\"><span class=\"jet-nav-link-text\">Xu\u1ea5t x\u1ee9<\/span><div class=\"jet-nav-arrow\"><svg aria-hidden=\"true\" class=\"e-font-icon-svg e-fa-angle-right\" viewBox=\"0 0 256 512\" xmlns=\"http:\/\/www.w3.org\/2000\/svg\"><path d=\"M224.3 273l-136 136c-9.4 9.4-24.6 9.4-33.9 0l-22.6-22.6c-9.4-9.4-9.4-24.6 0-33.9l96.4-96.4-96.4-96.4c-9.4-9.4-9.4-24.6 0-33.9L54.3 103c9.4-9.4 24.6-9.4 33.9 0l136 136c9.5 9.4 9.5 24.6.1 34z\"><\/path><\/svg><\/div><\/a>\n\t<div  class=\"jet-nav__sub jet-nav-depth-1\">\n\t\t<div class=\"menu-item menu-item-type-custom menu-item-object-custom jet-nav__item-3143 jet-nav__item jet-nav-item-sub\"><a href=\"https:\/\/mayxucdien2.tvg.agency\/xuat-xu\/han-quoc\/\" class=\"menu-item-link menu-item-link-depth-2 menu-item-link-sub\"><span class=\"jet-nav-link-text\">H\u00e0n Qu\u1ed1c<\/span><\/a><\/div>\n\t\t<div class=\"menu-item menu-item-type-custom menu-item-object-custom jet-nav__item-3144 jet-nav__item jet-nav-item-sub\"><a href=\"https:\/\/mayxucdien2.tvg.agency\/xuat-xu\/hoa-ky\/\" class=\"menu-item-link menu-item-link-depth-2 menu-item-link-sub\"><span class=\"jet-nav-link-text\">Hoa K\u1ef3<\/span><\/a><\/div>\n\t\t<div class=\"menu-item menu-item-type-custom menu-item-object-custom jet-nav__item-3145 jet-nav__item jet-nav-item-sub\"><a href=\"https:\/\/mayxucdien2.tvg.agency\/xuat-xu\/nhat-ban\/\" class=\"menu-item-link menu-item-link-depth-2 menu-item-link-sub\"><span class=\"jet-nav-link-text\">Nh\u1eadt B\u1ea3n<\/span><\/a><\/div>\n\t\t<div class=\"menu-item menu-item-type-custom menu-item-object-custom jet-nav__item-3146 jet-nav__item jet-nav-item-sub\"><a href=\"https:\/\/mayxucdien2.tvg.agency\/xuat-xu\/thuy-dien\/\" class=\"menu-item-link menu-item-link-depth-2 menu-item-link-sub\"><span class=\"jet-nav-link-text\">Th\u1ee5y \u0110i\u1ec3n<\/span><\/a><\/div>\n\t<\/div>\n<\/div>\n<\/div>\n<\/div>\n<div class=\"menu-item menu-item-type-custom menu-item-object-custom jet-nav__item-2938 jet-nav__item\"><a href=\"#\" class=\"menu-item-link menu-item-link-depth-0 menu-item-link-top\"><span class=\"jet-nav-link-text\">S\u1ea3n ph\u1ea9m d\u00e3 qua s\u1eed d\u1ee5ng<\/span><\/a><\/div>\n<div class=\"menu-item menu-item-type-custom menu-item-object-custom menu-item-has-children jet-nav__item-2939 jet-nav__item\"><a href=\"#\" class=\"menu-item-link menu-item-link-depth-0 menu-item-link-top\"><span class=\"jet-nav-link-text\">Gi\u00e1<\/span><div class=\"jet-nav-arrow\"><svg aria-hidden=\"true\" class=\"e-font-icon-svg e-fa-angle-down\" viewBox=\"0 0 320 512\" xmlns=\"http:\/\/www.w3.org\/2000\/svg\"><path d=\"M143 352.3L7 216.3c-9.4-9.4-9.4-24.6 0-33.9l22.6-22.6c9.4-9.4 24.6-9.4 33.9 0l96.4 96.4 96.4-96.4c9.4-9.4 24.6-9.4 33.9 0l22.6 22.6c9.4 9.4 9.4 24.6 0 33.9l-136 136c-9.2 9.4-24.4 9.4-33.8 0z\"><\/path><\/svg><\/div><\/a>\n<div  class=\"jet-nav__sub jet-nav-depth-0\">\n\t<div class=\"menu-item menu-item-type-custom menu-item-object-custom jet-nav__item-2945 jet-nav__item jet-nav-item-sub\"><a href=\"#\" class=\"menu-item-link menu-item-link-depth-1 menu-item-link-sub\"><span class=\"jet-nav-link-text\">B\u00e1n s\u1ec9<\/span><\/a><\/div>\n\t<div class=\"menu-item menu-item-type-custom menu-item-object-custom jet-nav__item-2946 jet-nav__item jet-nav-item-sub\"><a href=\"#\" class=\"menu-item-link menu-item-link-depth-1 menu-item-link-sub\"><span class=\"jet-nav-link-text\">b\u00e1n l\u1ebb<\/span><\/a><\/div>\n<\/div>\n<\/div>\n<div class=\"menu-item menu-item-type-custom menu-item-object-custom jet-nav__item-2940 jet-nav__item\"><a href=\"#\" class=\"menu-item-link menu-item-link-depth-0 menu-item-link-top\"><span class=\"jet-nav-link-text\">Ph\u1ee5 t\u00f9ng thay th\u1ebf<\/span><\/a><\/div>\n<div class=\"menu-item menu-item-type-custom menu-item-object-custom jet-nav__item-2941 jet-nav__item\"><a href=\"#\" class=\"menu-item-link menu-item-link-depth-0 menu-item-link-top\"><span class=\"jet-nav-link-text\">Ch\u01b0\u01a1ng tr\u00ecnh khuy\u1ebfn m\u00e3i<\/span><\/a><\/div>\n<div class=\"menu-item menu-item-type-custom menu-item-object-custom jet-nav__item-2942 jet-nav__item\"><a href=\"#\" class=\"menu-item-link menu-item-link-depth-0 menu-item-link-top\"><span class=\"jet-nav-link-text\">S\u1ea3n ph\u1ea9m kh\u00e1c<\/span><\/a><\/div>\n<\/div><\/div><\/nav>\t\t\t\t<\/div>\n\t\t\t\t<\/div>\n\t\t\t\t<\/div>\n\t\t<div class=\"elementor-element elementor-element-4f27027 e-con-full e-flex e-con e-child\" data-id=\"4f27027\" data-element_type=\"container\">\n\t\t<div class=\"elementor-element elementor-element-0c61a9b e-con-full e-flex e-con e-child\" data-id=\"0c61a9b\" data-element_type=\"container\">\n\t\t\t\t<div class=\"elementor-element elementor-element-e0ab43e elementor-widget elementor-widget-jet-listing-grid\" data-id=\"e0ab43e\" data-element_type=\"widget\" data-settings=\"{&quot;columns&quot;:&quot;2&quot;}\" data-widget_type=\"jet-listing-grid.default\">\n\t\t\t\t\t<div class=\"jet-listing-grid jet-listing\"><div class=\"jet-listing-not-found jet-listing-grid__items\" data-nav=\"{&quot;enabled&quot;:false,&quot;type&quot;:null,&quot;more_el&quot;:null,&quot;query&quot;:[],&quot;widget_settings&quot;:{&quot;lisitng_id&quot;:2736,&quot;posts_num&quot;:50,&quot;columns&quot;:2,&quot;columns_tablet&quot;:2,&quot;columns_mobile&quot;:2,&quot;column_min_width&quot;:240,&quot;column_min_width_tablet&quot;:240,&quot;column_min_width_mobile&quot;:240,&quot;inline_columns_css&quot;:false,&quot;is_archive_template&quot;:&quot;&quot;,&quot;post_status&quot;:[&quot;publish&quot;],&quot;use_random_posts_num&quot;:&quot;&quot;,&quot;max_posts_num&quot;:9,&quot;not_found_message&quot;:&quot;No data was found&quot;,&quot;is_masonry&quot;:false,&quot;equal_columns_height&quot;:&quot;yes&quot;,&quot;use_load_more&quot;:&quot;&quot;,&quot;load_more_id&quot;:&quot;&quot;,&quot;load_more_type&quot;:&quot;click&quot;,&quot;load_more_offset&quot;:{&quot;unit&quot;:&quot;px&quot;,&quot;size&quot;:0,&quot;sizes&quot;:[]},&quot;use_custom_post_types&quot;:&quot;&quot;,&quot;custom_post_types&quot;:[],&quot;hide_widget_if&quot;:&quot;&quot;,&quot;carousel_enabled&quot;:&quot;&quot;,&quot;slides_to_scroll&quot;:&quot;1&quot;,&quot;arrows&quot;:&quot;true&quot;,&quot;arrow_icon&quot;:&quot;fa fa-angle-left&quot;,&quot;dots&quot;:&quot;&quot;,&quot;autoplay&quot;:&quot;true&quot;,&quot;pause_on_hover&quot;:&quot;true&quot;,&quot;autoplay_speed&quot;:5000,&quot;infinite&quot;:&quot;true&quot;,&quot;center_mode&quot;:&quot;&quot;,&quot;effect&quot;:&quot;slide&quot;,&quot;speed&quot;:500,&quot;inject_alternative_items&quot;:&quot;&quot;,&quot;injection_items&quot;:[],&quot;scroll_slider_enabled&quot;:&quot;&quot;,&quot;scroll_slider_on&quot;:[&quot;desktop&quot;,&quot;tablet&quot;,&quot;mobile&quot;],&quot;custom_query&quot;:false,&quot;custom_query_id&quot;:&quot;&quot;,&quot;_element_id&quot;:&quot;&quot;,&quot;collapse_first_last_gap&quot;:&quot;true&quot;,&quot;list_tag_selection&quot;:&quot;&quot;,&quot;list_items_wrapper_tag&quot;:&quot;div&quot;,&quot;list_item_tag&quot;:&quot;div&quot;,&quot;empty_items_wrapper_tag&quot;:&quot;div&quot;}}\" data-listing-source=\"posts\" data-listing-id=\"2736\" data-query-id=\"\" data-queried-id=\"3679|WP_Post\">No data was found<\/div><\/div>\t\t\t\t<\/div>\n\t\t\t\t<\/div>\n\t\t\t\t<\/div>\n\t\t\t\t\t<\/div>\n\t\t\t\t<\/div>\n\t\t\t\t<\/div>\n\t\t","protected":false},"excerpt":{"rendered":"<p>S\u1ea3n ph\u1ea9m m\u1edbi H\u00e3ng s\u1ea3n xu\u1ea5t caterpillar doosan Hitachi hyundai Kobelco Komatsu volvo yanmar Ngu\u1ed3n n\u0103ng l\u01b0\u1ee3ng \u0110i\u1ec7n \u0110i\u1ec7n (pin) Xu\u1ea5t x\u1ee9 H\u00e0n Qu\u1ed1c Hoa K\u1ef3 Nh\u1eadt B\u1ea3n Th\u1ee5y \u0110i\u1ec3n S\u1ea3n ph\u1ea9m d\u00e3 qua s\u1eed d\u1ee5ng Gi\u00e1 B\u00e1n s\u1ec9 b\u00e1n l\u1ebb Ph\u1ee5 t\u00f9ng thay th\u1ebf Ch\u01b0\u01a1ng tr\u00ecnh khuy\u1ebfn m\u00e3i S\u1ea3n ph\u1ea9m kh\u00e1c M\u00e1y x\u00fac \u0111i\u1ec7n [&hellip;]<\/p>\n","protected":false},"author":3,"featured_media":0,"parent":0,"menu_order":0,"comment_status":"closed","ping_status":"closed","template":"","meta":{"footnotes":""},"class_list":["post-3679","page","type-page","status-publish","hentry"],"_links":{"self":[{"href":"https:\/\/mayxucdien2.tvg.agency\/en\/wp-json\/wp\/v2\/pages\/3679","targetHints":{"allow":["GET"]}}],"collection":[{"href":"https:\/\/mayxucdien2.tvg.agency\/en\/wp-json\/wp\/v2\/pages"}],"about":[{"href":"https:\/\/mayxucdien2.tvg.agency\/en\/wp-json\/wp\/v2\/types\/page"}],"author":[{"embeddable":true,"href":"https:\/\/mayxucdien2.tvg.agency\/en\/wp-json\/wp\/v2\/users\/3"}],"replies":[{"embeddable":true,"href":"https:\/\/mayxucdien2.tvg.agency\/en\/wp-json\/wp\/v2\/comments?post=3679"}],"version-history":[{"count":1,"href":"https:\/\/mayxucdien2.tvg.agency\/en\/wp-json\/wp\/v2\/pages\/3679\/revisions"}],"predecessor-version":[{"id":3681,"href":"https:\/\/mayxucdien2.tvg.agency\/en\/wp-json\/wp\/v2\/pages\/3679\/revisions\/3681"}],"wp:attachment":[{"href":"https:\/\/mayxucdien2.tvg.agency\/en\/wp-json\/wp\/v2\/media?parent=3679"}],"curies":[{"name":"wp","href":"https:\/\/api.w.org\/{rel}","templated":true}]}}